{"id":337,"date":"2019-06-13T10:59:57","date_gmt":"2019-06-13T08:59:57","guid":{"rendered":"https:\/\/kadan.eu\/de\/?page_id=337"},"modified":"2021-05-25T15:31:50","modified_gmt":"2021-05-25T13:31:50","slug":"die-henkergasse","status":"publish","type":"page","link":"https:\/\/kadan.eu\/de\/sehenswurdigkeiten\/die-henkergasse\/","title":{"rendered":"Die Henkergasse"},"content":{"rendered":"\t\t<div data-elementor-type=\"wp-post\" data-elementor-id=\"337\" class=\"elementor elementor-337\">\n\t\t\t\t\t\t<div class=\"elementor-inner\">\n\t\t\t\t<div class=\"elementor-section-wrap\">\n\t\t\t\t\t\t\t\t\t<section class=\"elementor-section elementor-top-section elementor-element elementor-element-45cc4c44 elementor-section-full_width elementor-section-height-default elementor-section-height-default\" data-id=\"45cc4c44\" data-element_type=\"section\">\n\t\t\t\t\t\t<div class=\"elementor-container elementor-column-gap-default\">\n\t\t\t\t\t\t\t<div class=\"elementor-row\">\n\t\t\t\t\t<div class=\"elementor-column elementor-col-100 elementor-top-column elementor-element elementor-element-705c6ee3\" data-id=\"705c6ee3\" data-element_type=\"column\">\n\t\t\t<div class=\"elementor-column-wrap elementor-element-populated\">\n\t\t\t\t\t\t\t<div class=\"elementor-widget-wrap\">\n\t\t\t\t\t\t<section class=\"elementor-section elementor-inner-section elementor-element elementor-element-6d6bd3a9 elementor-section-boxed elementor-section-height-default elementor-section-height-default\" data-id=\"6d6bd3a9\" data-element_type=\"section\" data-settings=\"{&quot;background_background&quot;:&quot;classic&quot;}\">\n\t\t\t\t\t\t\t<div class=\"elementor-background-overlay\"><\/div>\n\t\t\t\t\t\t\t<div class=\"elementor-container elementor-column-gap-default\">\n\t\t\t\t\t\t\t<div class=\"elementor-row\">\n\t\t\t\t\t<div class=\"elementor-column elementor-col-100 elementor-inner-column elementor-element elementor-element-2ac18b2b\" data-id=\"2ac18b2b\" data-element_type=\"column\">\n\t\t\t<div class=\"elementor-column-wrap elementor-element-populated\">\n\t\t\t\t\t\t\t<div class=\"elementor-widget-wrap\">\n\t\t\t\t\t\t<div class=\"elementor-element elementor-element-4cfa53ce elementor-widget elementor-widget-heading\" data-id=\"4cfa53ce\" data-element_type=\"widget\" data-widget_type=\"heading.default\">\n\t\t\t\t<div class=\"elementor-widget-container\">\n\t\t\t<h3 class=\"elementor-heading-title elementor-size-default\">Die Henkergasse<\/h3>\t\t<\/div>\n\t\t\t\t<\/div>\n\t\t\t\t<div class=\"elementor-element elementor-element-2c335bf0 elementor-widget elementor-widget-text-editor\" data-id=\"2c335bf0\" data-element_type=\"widget\" data-widget_type=\"text-editor.default\">\n\t\t\t\t<div class=\"elementor-widget-container\">\n\t\t\t\t\t\t\t\t<div class=\"elementor-text-editor elementor-clearfix\">\n\t\t\t\t<p>Wussten Sie, dass wir in Kada\u0148 die engste Gasse in der Tschechischen Republik haben?<\/p>\t\t\t\t\t<\/div>\n\t\t\t\t\t\t<\/div>\n\t\t\t\t<\/div>\n\t\t\t\t<div class=\"elementor-element elementor-element-7a9d94b2 elementor-align-left elementor-mobile-align-center elementor-widget__width-initial elementor-widget elementor-widget-button\" data-id=\"7a9d94b2\" data-element_type=\"widget\" data-widget_type=\"button.default\">\n\t\t\t\t<div class=\"elementor-widget-container\">\n\t\t\t\t\t<div class=\"elementor-button-wrapper\">\n\t\t\t<a href=\"https:\/\/kadan.eu\/de\/pamatky\/barbakan-zatecke-brany\/\" class=\"elementor-button-link elementor-button elementor-size-sm\" role=\"button\">\n\t\t\t\t\t\t<span class=\"elementor-button-content-wrapper\">\n\t\t\t\t\t\t\t<span class=\"elementor-button-icon elementor-align-icon-left\">\n\t\t\t\t<i aria-hidden=\"true\" class=\"fas fa-angle-left\"><\/i>\t\t\t<\/span>\n\t\t\t\t\t\t<span class=\"elementor-button-text\">P\u0159edchoz\u00ed pam\u00e1tka<\/span>\n\t\t<\/span>\n\t\t\t\t\t<\/a>\n\t\t<\/div>\n\t\t\t\t<\/div>\n\t\t\t\t<\/div>\n\t\t\t\t<div class=\"elementor-element elementor-element-60187356 elementor-align-left elementor-mobile-align-center elementor-widget__width-initial elementor-widget elementor-widget-button\" data-id=\"60187356\" data-element_type=\"widget\" data-widget_type=\"button.default\">\n\t\t\t\t<div class=\"elementor-widget-container\">\n\t\t\t\t\t<div class=\"elementor-button-wrapper\">\n\t\t\t<a href=\"https:\/\/kadan.eu\/de\/pamatky\/sloup-nejsvetejsi-trojice\/\" class=\"elementor-button-link elementor-button elementor-size-sm\" role=\"button\">\n\t\t\t\t\t\t<span class=\"elementor-button-content-wrapper\">\n\t\t\t\t\t\t\t<span class=\"elementor-button-icon elementor-align-icon-right\">\n\t\t\t\t<i aria-hidden=\"true\" class=\"fas fa-angle-right\"><\/i>\t\t\t<\/span>\n\t\t\t\t\t\t<span class=\"elementor-button-text\">N\u00e1sleduj\u00edc\u00ed pam\u00e1tka<\/span>\n\t\t<\/span>\n\t\t\t\t\t<\/a>\n\t\t<\/div>\n\t\t\t\t<\/div>\n\t\t\t\t<\/div>\n\t\t\t\t\t\t<\/div>\n\t\t\t\t\t<\/div>\n\t\t<\/div>\n\t\t\t\t\t\t\t\t<\/div>\n\t\t\t\t\t<\/div>\n\t\t<\/section>\n\t\t\t\t\t\t<\/div>\n\t\t\t\t\t<\/div>\n\t\t<\/div>\n\t\t\t\t\t\t\t\t<\/div>\n\t\t\t\t\t<\/div>\n\t\t<\/section>\n\t\t\t\t<section class=\"elementor-section elementor-top-section elementor-element elementor-element-56d8d838 elementor-section-boxed elementor-section-height-default elementor-section-height-default\" data-id=\"56d8d838\" data-element_type=\"section\">\n\t\t\t\t\t\t<div class=\"elementor-container elementor-column-gap-default\">\n\t\t\t\t\t\t\t<div class=\"elementor-row\">\n\t\t\t\t\t<div class=\"elementor-column elementor-col-100 elementor-top-column elementor-element elementor-element-6acf74bc\" data-id=\"6acf74bc\" data-element_type=\"column\">\n\t\t\t<div class=\"elementor-column-wrap elementor-element-populated\">\n\t\t\t\t\t\t\t<div class=\"elementor-widget-wrap\">\n\t\t\t\t\t\t<div class=\"elementor-element elementor-element-15075bb9 elementor-widget elementor-widget-text-editor\" data-id=\"15075bb9\" data-element_type=\"widget\" data-widget_type=\"text-editor.default\">\n\t\t\t\t<div class=\"elementor-widget-container\">\n\t\t\t\t\t\t\t\t<div class=\"elementor-text-editor elementor-clearfix\">\n\t\t\t\t<p>Die Henkergasse \u201eKatova uli\u010dka\u201c ist die engste Gasse in der Tschechischen Republik. An der engsten Stelle ist sie nur 66 Zentimeter breit und etwa 50 Meter lang. Sie finden die Gasse im Zentrum von Kada\u0148 auf dem Marktplatz \u201eM\u00edrov\u00e9 n\u00e1m\u011bst\u00ed\u201c im Bereich zwischen den B\u00fcrgerh\u00e4usern Nr. 76 und 77. Wenn Sie vom Marktplatz durch die Gasse hinuntergehen, kommen Sie auf den Henkerplatz, ein Teil des Befestigungssystems. Die Henkergasse wird durch das sogenannte Henkertor abgeschlossen, \u00fcber dem sich zwei Festungst\u00fcrme befinden. Wenn Sie entlang der Stadtmauer nach links gehen, sto\u00dfen Sie auf die Minoriten Bastei, einen gro\u00dfen Kanonenturm, in dem sich das Milit\u00e4rmuseum befindet. Wenn Sie an der Stadtmauer nach rechts abbiegen, f\u00fchrt Sie der Weg zum Rondell des Saatzer-Tors und dann bis zur Kaadener Burg.<\/p><p>Wie der Name der Gasse andeutet, diente sie damals dem Henker der Stadt Kada\u0148. Die Henker wohnten jahrhundertelang in der Festungsbastion, bekannt als das Henker-Haus \u201eKat\u016fv d\u016fm\u201c (Nr. 190). Heute wohnt der Henker nicht mehr hier, aber Sie k\u00f6nnen hier Tee und Gew\u00fcrze kaufen. Das h\u00e4ngt auch mit der Tradition des Henkers zusammen, da die Henker unter anderem mit Kr\u00e4uterkunde und Heilung besch\u00e4ftigt waren. Die Gasse des Henkers diente nicht nur dem Henker als Durchgang zum Marktplatz, sondern auch f\u00fcr andere Zwecke. Zum Beispiel diente sie als Entw\u00e4sserungsrinne, die das \u00fcbersch\u00fcssige Wasser vom Marktplatz zum Wistritzer Bach \u201eByst\u0159ick\u00fd potok\u201c ableitete. Dar\u00fcber hinaus diente die Gasse w\u00e4hrend der Belagerung der Stadt als schnelle Verbindung zwischen dem Marktplatz und dem Befestigungsring, und auch nur durch diese war es in dringenden F\u00e4llen m\u00f6glich, nachts in die Stadt reinzukommen, wenn die Haupttore der Stadt geschlossen waren. Die Stadt war wirklich stolz auf ihre Befestigung, und deshalb wurden diejenigen, die versuchten, wenn auch aus Scherz, nachts \u00fcber die Stadtmauer zu klettern, schwer bestraft. Als im 15. Jahrhundert das st\u00e4dtische Bad am Ufer des Wistritzer Bachs \u201eByst\u0159ick\u00fd potok\u201c eingerichtet wurde, ging der Bademeister durch die Gasse dorthin. Der Stadt-Schinder betrat die Stadt auch durch diese Gasse, zusammen mit dem Henker, ein weiteres Mitglied des sogenannten unreinen Handwerks.\u00a0<\/p><p>Die Gasse des Henkers erwies sich als ein sehr wichtiges Element der Stadtbefestigung, insbesondere w\u00e4hrend des Drei\u00dfigj\u00e4hrigen Krieges (1618\u20131648). Sie war immer Schauplatz der blutigsten Zusammenst\u00f6\u00dfe und verschaffte den Verteidigern der Stadt einen taktischen Vorteil. Dies wurde bereits fr\u00fcher gezeigt, zum Beispiel in 1546, als Soldaten, die hier pl\u00fcndern wollten, versuchten, durch die Henkergasse in die Stadt einzudringen. Einige mit Spaten bewaffnete Stadtbewohner stellten sich den Angreifern in der Henkergasse. Obwohl der Feind eine betr\u00e4chtliche \u00dcberlegenheit hatte, gelang es den B\u00fcrgern schlie\u00dflich, den Angriff dank der Gasse abzuwehren.<\/p>\t\t\t\t\t<\/div>\n\t\t\t\t\t\t<\/div>\n\t\t\t\t<\/div>\n\t\t\t\t<div class=\"elementor-element elementor-element-6fd0651 elementor-widget elementor-widget-heading\" data-id=\"6fd0651\" data-element_type=\"widget\" data-widget_type=\"heading.default\">\n\t\t\t\t<div class=\"elementor-widget-container\">\n\t\t\t<h2 class=\"elementor-heading-title elementor-size-default\">Die Legende \u00fcber eine Nonne<\/h2>\t\t<\/div>\n\t\t\t\t<\/div>\n\t\t\t\t<div class=\"elementor-element elementor-element-03cb7c7 elementor-widget elementor-widget-text-editor\" data-id=\"03cb7c7\" data-element_type=\"widget\" data-widget_type=\"text-editor.default\">\n\t\t\t\t<div class=\"elementor-widget-container\">\n\t\t\t\t\t\t\t\t<div class=\"elementor-text-editor elementor-clearfix\">\n\t\t\t\t<p>Eine der st\u00e4dtischen Legenden erz\u00e4hlt die Geschichte einer Nonne aus dem Magdalenitenkloster in Seelau \/\u017delina. Sie sollte eine Liebesbeziehung haben, mit dem Henker aus Kada\u0148! Zur Strafe wurde sie in die Henkergasse eingemauert. Der Legende nach erscheint sie hier nachts zusammen mit ihrem Geliebten, dem Geist des Henkers. Sie helfen Wanderern und bestrafen Vagabunden mit ihrem Spuk.<\/p>\t\t\t\t\t<\/div>\n\t\t\t\t\t\t<\/div>\n\t\t\t\t<\/div>\n\t\t\t\t<div class=\"elementor-element elementor-element-6f45c301 elementor-skin-carousel elementor-arrows-yes elementor-widget elementor-widget-media-carousel\" data-id=\"6f45c301\" data-element_type=\"widget\" data-settings=\"{&quot;effect&quot;:&quot;fade&quot;,&quot;space_between&quot;:{&quot;unit&quot;:&quot;px&quot;,&quot;size&quot;:0,&quot;sizes&quot;:[]},&quot;skin&quot;:&quot;carousel&quot;,&quot;show_arrows&quot;:&quot;yes&quot;,&quot;speed&quot;:500,&quot;autoplay&quot;:&quot;yes&quot;,&quot;autoplay_speed&quot;:5000,&quot;loop&quot;:&quot;yes&quot;,&quot;pause_on_hover&quot;:&quot;yes&quot;,&quot;pause_on_interaction&quot;:&quot;yes&quot;,&quot;space_between_tablet&quot;:{&quot;unit&quot;:&quot;px&quot;,&quot;size&quot;:10,&quot;sizes&quot;:[]},&quot;space_between_mobile&quot;:{&quot;unit&quot;:&quot;px&quot;,&quot;size&quot;:10,&quot;sizes&quot;:[]}}\" data-widget_type=\"media-carousel.default\">\n\t\t\t\t<div class=\"elementor-widget-container\">\n\t\t\t\t\t<div class=\"elementor-swiper\">\n\t\t\t<div class=\"elementor-main-swiper swiper-container\">\n\t\t\t\t<div class=\"swiper-wrapper\">\n\t\t\t\t\t\t\t\t\t\t\t<div class=\"swiper-slide\">\n\t\t\t\t\t\t\t\t\t<div class=\"elementor-carousel-image\" style=\"background-image: url(https:\/\/kadan.eu\/de\/wp-content\/uploads\/2019\/06\/katova_ulicka_2.jpg)\">\n\t\t\t\t\t<\/div>\n\t\t\t\t\t\t\t\t<\/div>\n\t\t\t\t\t\t\t\t\t\t\t<div class=\"swiper-slide\">\n\t\t\t\t\t\t\t\t\t<div class=\"elementor-carousel-image\" style=\"background-image: url(https:\/\/kadan.eu\/de\/wp-content\/uploads\/2019\/06\/katova_ulicka_1.jpg)\">\n\t\t\t\t\t<\/div>\n\t\t\t\t\t\t\t\t<\/div>\n\t\t\t\t\t\t\t\t\t<\/div>\n\t\t\t\t\t\t\t\t\t\t\t\t\t\t\t\t\t\t\t\t<div class=\"elementor-swiper-button elementor-swiper-button-prev\">\n\t\t\t\t\t\t\t<i aria-hidden=\"true\" class=\"eicon-chevron-left\"><\/i>\t\t\t\t\t\t\t<span class=\"elementor-screen-only\">Previous<\/span>\n\t\t\t\t\t\t<\/div>\n\t\t\t\t\t\t<div class=\"elementor-swiper-button elementor-swiper-button-next\">\n\t\t\t\t\t\t\t<i aria-hidden=\"true\" class=\"eicon-chevron-right\"><\/i>\t\t\t\t\t\t\t<span class=\"elementor-screen-only\">Next<\/span>\n\t\t\t\t\t\t<\/div>\n\t\t\t\t\t\t\t\t\t\t\t\t<\/div>\n\t\t<\/div>\n\t\t\t\t<\/div>\n\t\t\t\t<\/div>\n\t\t\t\t\t\t<\/div>\n\t\t\t\t\t<\/div>\n\t\t<\/div>\n\t\t\t\t\t\t\t\t<\/div>\n\t\t\t\t\t<\/div>\n\t\t<\/section>\n\t\t\t\t<section class=\"elementor-section elementor-top-section elementor-element elementor-element-2e266ae0 elementor-section-full_width elementor-section-height-min-height elementor-section-height-default elementor-section-items-middle\" data-id=\"2e266ae0\" data-element_type=\"section\">\n\t\t\t\t\t\t<div class=\"elementor-container elementor-column-gap-default\">\n\t\t\t\t\t\t\t<div class=\"elementor-row\">\n\t\t\t\t\t<div class=\"elementor-column elementor-col-100 elementor-top-column elementor-element elementor-element-45294939\" data-id=\"45294939\" data-element_type=\"column\">\n\t\t\t<div class=\"elementor-column-wrap elementor-element-populated\">\n\t\t\t\t\t\t\t<div class=\"elementor-widget-wrap\">\n\t\t\t\t\t\t<div class=\"elementor-element elementor-element-20c55ed3 elementor-widget elementor-widget-google_maps\" data-id=\"20c55ed3\" data-element_type=\"widget\" data-widget_type=\"google_maps.default\">\n\t\t\t\t<div class=\"elementor-widget-container\">\n\t\t\t\t\t<div class=\"elementor-custom-embed\">\n\t\t\t<iframe frameborder=\"0\" scrolling=\"no\" marginheight=\"0\" marginwidth=\"0\"\n\t\t\t\t\tsrc=\"https:\/\/maps.google.com\/maps?q=Kada%C5%88%2C%20Katova%20uli%C4%8Dka&#038;t=m&#038;z=15&#038;output=embed&#038;iwloc=near\"\n\t\t\t\t\ttitle=\"Kada\u0148, Katova uli\u010dka\"\n\t\t\t\t\taria-label=\"Kada\u0148, Katova uli\u010dka\"\n\t\t\t><\/iframe>\n\t\t<\/div>\n\t\t\t\t<\/div>\n\t\t\t\t<\/div>\n\t\t\t\t\t\t<\/div>\n\t\t\t\t\t<\/div>\n\t\t<\/div>\n\t\t\t\t\t\t\t\t<\/div>\n\t\t\t\t\t<\/div>\n\t\t<\/section>\n\t\t\t\t\t\t\t\t\t<\/div>\n\t\t\t<\/div>\n\t\t\t\t\t<\/div>\n\t\t","protected":false},"excerpt":{"rendered":"<p>Die Henkergasse Wussten Sie, dass wir in Kada\u0148 die engste Gasse in der Tschechischen Republik haben? P\u0159edchoz\u00ed pam\u00e1tka N\u00e1sleduj\u00edc\u00ed pam\u00e1tka Die Henkergasse \u201eKatova uli\u010dka\u201c ist die engste Gasse in der Tschechischen Republik. An der engsten Stelle ist sie nur 66 Zentimeter breit und etwa 50 Meter lang. Sie finden die Gasse im Zentrum von Kada\u0148 &hellip; <\/p>\n<p class=\"link-more\"><a href=\"https:\/\/kadan.eu\/de\/sehenswurdigkeiten\/die-henkergasse\/\" class=\"more-link\">Pokra\u010dovat ve \u010dten\u00ed<span class=\"screen-reader-text\"> &#8222;Die Henkergasse&#8220;<\/span><\/a><\/p>\n","protected":false},"author":3,"featured_media":136,"parent":24,"menu_order":0,"comment_status":"closed","ping_status":"closed","template":"elementor_header_footer","meta":{"_mi_skip_tracking":false},"yoast_head":"<!-- This site is optimized with the Yoast SEO plugin v18.4.1 - https:\/\/yoast.com\/wordpress\/plugins\/seo\/ -->\n<title>Turistick\u00e9 str\u00e1nky m\u011bsta Kada\u0148 | Die Henkergasse<\/title>\n<meta name=\"description\" content=\"V\u011bd\u011bli jste, \u017ee Katova uli\u010dka v Kadani je neju\u017e\u0161\u00ed pojmenovanou ulic\u00ed v \u010cesk\u00e9 republice? P\u0159ij\u010fte se pod\u00edvat na tohle mystick\u00e9 m\u00edsto.\" \/>\n<meta name=\"robots\" content=\"index, follow, max-snippet:-1, max-image-preview:large, max-video-preview:-1\" \/>\n<link rel=\"canonical\" href=\"https:\/\/kadan.eu\/de\/sehenswurdigkeiten\/die-henkergasse\/\" \/>\n<meta property=\"og:locale\" content=\"cs_CZ\" \/>\n<meta property=\"og:type\" content=\"article\" \/>\n<meta property=\"og:title\" content=\"Turistick\u00e9 str\u00e1nky m\u011bsta Kada\u0148 | Die Henkergasse\" \/>\n<meta property=\"og:description\" content=\"V\u011bd\u011bli jste, \u017ee Katova uli\u010dka v Kadani je neju\u017e\u0161\u00ed pojmenovanou ulic\u00ed v \u010cesk\u00e9 republice? P\u0159ij\u010fte se pod\u00edvat na tohle mystick\u00e9 m\u00edsto.\" \/>\n<meta property=\"og:url\" content=\"https:\/\/kadan.eu\/de\/sehenswurdigkeiten\/die-henkergasse\/\" \/>\n<meta property=\"og:site_name\" content=\"Turistick\u00e9 str\u00e1nky m\u011bsta Kada\u0148\" \/>\n<meta property=\"article:modified_time\" content=\"2021-05-25T13:31:50+00:00\" \/>\n<meta property=\"og:image\" content=\"https:\/\/kadan.eu\/de\/wp-content\/uploads\/2019\/06\/katova_ulicka_1.jpg\" \/>\n\t<meta property=\"og:image:width\" content=\"985\" \/>\n\t<meta property=\"og:image:height\" content=\"630\" \/>\n\t<meta property=\"og:image:type\" content=\"image\/jpeg\" \/>\n<meta name=\"twitter:card\" content=\"summary_large_image\" \/>\n<meta name=\"twitter:label1\" content=\"Odhadovan\u00e1 doba \u010dten\u00ed\" \/>\n\t<meta name=\"twitter:data1\" content=\"3 minuty\" \/>\n<script type=\"application\/ld+json\" class=\"yoast-schema-graph\">{\"@context\":\"https:\/\/schema.org\",\"@graph\":[{\"@type\":\"Organization\",\"@id\":\"https:\/\/kadan.eu\/de\/#organization\",\"name\":\"Turistick\u00e9 str\u00e1nky m\u011bsta Kada\u0148\",\"url\":\"https:\/\/kadan.eu\/de\/\",\"sameAs\":[],\"logo\":{\"@type\":\"ImageObject\",\"@id\":\"https:\/\/kadan.eu\/de\/#logo\",\"inLanguage\":\"cs\",\"url\":\"https:\/\/kadan.eu\/de\/wp-content\/uploads\/2019\/06\/logo.jpg\",\"contentUrl\":\"https:\/\/kadan.eu\/de\/wp-content\/uploads\/2019\/06\/logo.jpg\",\"width\":669,\"height\":669,\"caption\":\"Turistick\u00e9 str\u00e1nky m\u011bsta Kada\u0148\"},\"image\":{\"@id\":\"https:\/\/kadan.eu\/de\/#logo\"}},{\"@type\":\"WebSite\",\"@id\":\"https:\/\/kadan.eu\/de\/#website\",\"url\":\"https:\/\/kadan.eu\/de\/\",\"name\":\"Turistick\u00e9 str\u00e1nky m\u011bsta Kada\u0148\",\"description\":\"\",\"publisher\":{\"@id\":\"https:\/\/kadan.eu\/de\/#organization\"},\"potentialAction\":[{\"@type\":\"SearchAction\",\"target\":{\"@type\":\"EntryPoint\",\"urlTemplate\":\"https:\/\/kadan.eu\/de\/?s={search_term_string}\"},\"query-input\":\"required name=search_term_string\"}],\"inLanguage\":\"cs\"},{\"@type\":\"ImageObject\",\"@id\":\"https:\/\/kadan.eu\/de\/sehenswurdigkeiten\/die-henkergasse\/#primaryimage\",\"inLanguage\":\"cs\",\"url\":\"https:\/\/kadan.eu\/de\/wp-content\/uploads\/2019\/06\/katova_ulicka_1.jpg\",\"contentUrl\":\"https:\/\/kadan.eu\/de\/wp-content\/uploads\/2019\/06\/katova_ulicka_1.jpg\",\"width\":985,\"height\":630,\"caption\":\"Katova uli\u010dka\"},{\"@type\":\"WebPage\",\"@id\":\"https:\/\/kadan.eu\/de\/sehenswurdigkeiten\/die-henkergasse\/#webpage\",\"url\":\"https:\/\/kadan.eu\/de\/sehenswurdigkeiten\/die-henkergasse\/\",\"name\":\"Turistick\u00e9 str\u00e1nky m\u011bsta Kada\u0148 | Die Henkergasse\",\"isPartOf\":{\"@id\":\"https:\/\/kadan.eu\/de\/#website\"},\"primaryImageOfPage\":{\"@id\":\"https:\/\/kadan.eu\/de\/sehenswurdigkeiten\/die-henkergasse\/#primaryimage\"},\"datePublished\":\"2019-06-13T08:59:57+00:00\",\"dateModified\":\"2021-05-25T13:31:50+00:00\",\"description\":\"V\u011bd\u011bli jste, \u017ee Katova uli\u010dka v Kadani je neju\u017e\u0161\u00ed pojmenovanou ulic\u00ed v \u010cesk\u00e9 republice? P\u0159ij\u010fte se pod\u00edvat na tohle mystick\u00e9 m\u00edsto.\",\"breadcrumb\":{\"@id\":\"https:\/\/kadan.eu\/de\/sehenswurdigkeiten\/die-henkergasse\/#breadcrumb\"},\"inLanguage\":\"cs\",\"potentialAction\":[{\"@type\":\"ReadAction\",\"target\":[\"https:\/\/kadan.eu\/de\/sehenswurdigkeiten\/die-henkergasse\/\"]}]},{\"@type\":\"BreadcrumbList\",\"@id\":\"https:\/\/kadan.eu\/de\/sehenswurdigkeiten\/die-henkergasse\/#breadcrumb\",\"itemListElement\":[{\"@type\":\"ListItem\",\"position\":1,\"name\":\"Dom\u016f\",\"item\":\"https:\/\/kadan.eu\/de\/\"},{\"@type\":\"ListItem\",\"position\":2,\"name\":\"Sehensw\u00fcrdigkeiten\",\"item\":\"https:\/\/kadan.eu\/de\/sehenswurdigkeiten\/\"},{\"@type\":\"ListItem\",\"position\":3,\"name\":\"Die Henkergasse\"}]}]}<\/script>\n<!-- \/ Yoast SEO plugin. -->","yoast_head_json":{"title":"Turistick\u00e9 str\u00e1nky m\u011bsta Kada\u0148 | Die Henkergasse","description":"V\u011bd\u011bli jste, \u017ee Katova uli\u010dka v Kadani je neju\u017e\u0161\u00ed pojmenovanou ulic\u00ed v \u010cesk\u00e9 republice? P\u0159ij\u010fte se pod\u00edvat na tohle mystick\u00e9 m\u00edsto.","robots":{"index":"index","follow":"follow","max-snippet":"max-snippet:-1","max-image-preview":"max-image-preview:large","max-video-preview":"max-video-preview:-1"},"canonical":"https:\/\/kadan.eu\/de\/sehenswurdigkeiten\/die-henkergasse\/","og_locale":"cs_CZ","og_type":"article","og_title":"Turistick\u00e9 str\u00e1nky m\u011bsta Kada\u0148 | Die Henkergasse","og_description":"V\u011bd\u011bli jste, \u017ee Katova uli\u010dka v Kadani je neju\u017e\u0161\u00ed pojmenovanou ulic\u00ed v \u010cesk\u00e9 republice? P\u0159ij\u010fte se pod\u00edvat na tohle mystick\u00e9 m\u00edsto.","og_url":"https:\/\/kadan.eu\/de\/sehenswurdigkeiten\/die-henkergasse\/","og_site_name":"Turistick\u00e9 str\u00e1nky m\u011bsta Kada\u0148","article_modified_time":"2021-05-25T13:31:50+00:00","og_image":[{"width":985,"height":630,"url":"https:\/\/kadan.eu\/de\/wp-content\/uploads\/2019\/06\/katova_ulicka_1.jpg","type":"image\/jpeg"}],"twitter_card":"summary_large_image","twitter_misc":{"Odhadovan\u00e1 doba \u010dten\u00ed":"3 minuty"},"schema":{"@context":"https:\/\/schema.org","@graph":[{"@type":"Organization","@id":"https:\/\/kadan.eu\/de\/#organization","name":"Turistick\u00e9 str\u00e1nky m\u011bsta Kada\u0148","url":"https:\/\/kadan.eu\/de\/","sameAs":[],"logo":{"@type":"ImageObject","@id":"https:\/\/kadan.eu\/de\/#logo","inLanguage":"cs","url":"https:\/\/kadan.eu\/de\/wp-content\/uploads\/2019\/06\/logo.jpg","contentUrl":"https:\/\/kadan.eu\/de\/wp-content\/uploads\/2019\/06\/logo.jpg","width":669,"height":669,"caption":"Turistick\u00e9 str\u00e1nky m\u011bsta Kada\u0148"},"image":{"@id":"https:\/\/kadan.eu\/de\/#logo"}},{"@type":"WebSite","@id":"https:\/\/kadan.eu\/de\/#website","url":"https:\/\/kadan.eu\/de\/","name":"Turistick\u00e9 str\u00e1nky m\u011bsta Kada\u0148","description":"","publisher":{"@id":"https:\/\/kadan.eu\/de\/#organization"},"potentialAction":[{"@type":"SearchAction","target":{"@type":"EntryPoint","urlTemplate":"https:\/\/kadan.eu\/de\/?s={search_term_string}"},"query-input":"required name=search_term_string"}],"inLanguage":"cs"},{"@type":"ImageObject","@id":"https:\/\/kadan.eu\/de\/sehenswurdigkeiten\/die-henkergasse\/#primaryimage","inLanguage":"cs","url":"https:\/\/kadan.eu\/de\/wp-content\/uploads\/2019\/06\/katova_ulicka_1.jpg","contentUrl":"https:\/\/kadan.eu\/de\/wp-content\/uploads\/2019\/06\/katova_ulicka_1.jpg","width":985,"height":630,"caption":"Katova uli\u010dka"},{"@type":"WebPage","@id":"https:\/\/kadan.eu\/de\/sehenswurdigkeiten\/die-henkergasse\/#webpage","url":"https:\/\/kadan.eu\/de\/sehenswurdigkeiten\/die-henkergasse\/","name":"Turistick\u00e9 str\u00e1nky m\u011bsta Kada\u0148 | Die Henkergasse","isPartOf":{"@id":"https:\/\/kadan.eu\/de\/#website"},"primaryImageOfPage":{"@id":"https:\/\/kadan.eu\/de\/sehenswurdigkeiten\/die-henkergasse\/#primaryimage"},"datePublished":"2019-06-13T08:59:57+00:00","dateModified":"2021-05-25T13:31:50+00:00","description":"V\u011bd\u011bli jste, \u017ee Katova uli\u010dka v Kadani je neju\u017e\u0161\u00ed pojmenovanou ulic\u00ed v \u010cesk\u00e9 republice? P\u0159ij\u010fte se pod\u00edvat na tohle mystick\u00e9 m\u00edsto.","breadcrumb":{"@id":"https:\/\/kadan.eu\/de\/sehenswurdigkeiten\/die-henkergasse\/#breadcrumb"},"inLanguage":"cs","potentialAction":[{"@type":"ReadAction","target":["https:\/\/kadan.eu\/de\/sehenswurdigkeiten\/die-henkergasse\/"]}]},{"@type":"BreadcrumbList","@id":"https:\/\/kadan.eu\/de\/sehenswurdigkeiten\/die-henkergasse\/#breadcrumb","itemListElement":[{"@type":"ListItem","position":1,"name":"Dom\u016f","item":"https:\/\/kadan.eu\/de\/"},{"@type":"ListItem","position":2,"name":"Sehensw\u00fcrdigkeiten","item":"https:\/\/kadan.eu\/de\/sehenswurdigkeiten\/"},{"@type":"ListItem","position":3,"name":"Die Henkergasse"}]}]}},"_links":{"self":[{"href":"https:\/\/kadan.eu\/de\/wp-json\/wp\/v2\/pages\/337"}],"collection":[{"href":"https:\/\/kadan.eu\/de\/wp-json\/wp\/v2\/pages"}],"about":[{"href":"https:\/\/kadan.eu\/de\/wp-json\/wp\/v2\/types\/page"}],"author":[{"embeddable":true,"href":"https:\/\/kadan.eu\/de\/wp-json\/wp\/v2\/users\/3"}],"replies":[{"embeddable":true,"href":"https:\/\/kadan.eu\/de\/wp-json\/wp\/v2\/comments?post=337"}],"version-history":[{"count":34,"href":"https:\/\/kadan.eu\/de\/wp-json\/wp\/v2\/pages\/337\/revisions"}],"predecessor-version":[{"id":7105,"href":"https:\/\/kadan.eu\/de\/wp-json\/wp\/v2\/pages\/337\/revisions\/7105"}],"up":[{"embeddable":true,"href":"https:\/\/kadan.eu\/de\/wp-json\/wp\/v2\/pages\/24"}],"wp:featuredmedia":[{"embeddable":true,"href":"https:\/\/kadan.eu\/de\/wp-json\/wp\/v2\/media\/136"}],"wp:attachment":[{"href":"https:\/\/kadan.eu\/de\/wp-json\/wp\/v2\/media?parent=337"}],"curies":[{"name":"wp","href":"https:\/\/api.w.org\/{rel}","templated":true}]}}