{"id":1283,"date":"2019-07-02T09:47:01","date_gmt":"2019-07-02T07:47:01","guid":{"rendered":"https:\/\/kadan.eu\/de\/?page_id=1283"},"modified":"2021-11-22T13:24:29","modified_gmt":"2021-11-22T12:24:29","slug":"weitere-sehenswurdigkeiten","status":"publish","type":"page","link":"https:\/\/kadan.eu\/de\/sehenswurdigkeiten\/weitere-sehenswurdigkeiten\/","title":{"rendered":"Weitere Sehensw\u00fcrdigkeiten"},"content":{"rendered":"\t\t<div data-elementor-type=\"wp-post\" data-elementor-id=\"1283\" class=\"elementor elementor-1283\">\n\t\t\t\t\t\t<div class=\"elementor-inner\">\n\t\t\t\t<div class=\"elementor-section-wrap\">\n\t\t\t\t\t\t\t\t\t<section class=\"elementor-section elementor-top-section elementor-element elementor-element-17cda234 elementor-section-full_width elementor-section-height-default elementor-section-height-default\" data-id=\"17cda234\" data-element_type=\"section\">\n\t\t\t\t\t\t<div class=\"elementor-container elementor-column-gap-default\">\n\t\t\t\t\t\t\t<div class=\"elementor-row\">\n\t\t\t\t\t<div class=\"elementor-column elementor-col-100 elementor-top-column elementor-element elementor-element-5642edbd\" data-id=\"5642edbd\" data-element_type=\"column\">\n\t\t\t<div class=\"elementor-column-wrap elementor-element-populated\">\n\t\t\t\t\t\t\t<div class=\"elementor-widget-wrap\">\n\t\t\t\t\t\t<section class=\"elementor-section elementor-inner-section elementor-element elementor-element-135a28e0 elementor-section-boxed elementor-section-height-default elementor-section-height-default\" data-id=\"135a28e0\" data-element_type=\"section\" data-settings=\"{&quot;background_background&quot;:&quot;classic&quot;}\">\n\t\t\t\t\t\t\t<div class=\"elementor-background-overlay\"><\/div>\n\t\t\t\t\t\t\t<div class=\"elementor-container elementor-column-gap-default\">\n\t\t\t\t\t\t\t<div class=\"elementor-row\">\n\t\t\t\t\t<div class=\"elementor-column elementor-col-100 elementor-inner-column elementor-element elementor-element-71d56ab8\" data-id=\"71d56ab8\" data-element_type=\"column\">\n\t\t\t<div class=\"elementor-column-wrap elementor-element-populated\">\n\t\t\t\t\t\t\t<div class=\"elementor-widget-wrap\">\n\t\t\t\t\t\t<div class=\"elementor-element elementor-element-4571bab5 elementor-widget elementor-widget-heading\" data-id=\"4571bab5\" data-element_type=\"widget\" data-widget_type=\"heading.default\">\n\t\t\t\t<div class=\"elementor-widget-container\">\n\t\t\t<h3 class=\"elementor-heading-title elementor-size-default\">Weitere Sehensw\u00fcrdigkeiten<\/h3>\t\t<\/div>\n\t\t\t\t<\/div>\n\t\t\t\t<div class=\"elementor-element elementor-element-355c4f83 elementor-widget elementor-widget-text-editor\" data-id=\"355c4f83\" data-element_type=\"widget\" data-widget_type=\"text-editor.default\">\n\t\t\t\t<div class=\"elementor-widget-container\">\n\t\t\t\t\t\t\t\t<div class=\"elementor-text-editor elementor-clearfix\">\n\t\t\t\t<p>Obwohl Kada\u0148 keine besonders gro\u00dfe Stadt ist, gibt es unz\u00e4hlige interessante Orte und Denkm\u00e4ler hier. Wenn Ihnen die in den anderen Artikeln beschriebenen Sehensw\u00fcrdigkeiten nicht ausreichen und Sie noch andere Orte in Kada\u0148 entdecken m\u00f6chten, finden Sie hier eine Liste der Orte, die Sie bei dem Besuch unserer Stadt nicht vergessen sollten.<\/p>\t\t\t\t\t<\/div>\n\t\t\t\t\t\t<\/div>\n\t\t\t\t<\/div>\n\t\t\t\t<div class=\"elementor-element elementor-element-39f7a4d0 elementor-align-left elementor-mobile-align-center elementor-widget__width-initial elementor-widget elementor-widget-button\" data-id=\"39f7a4d0\" data-element_type=\"widget\" data-widget_type=\"button.default\">\n\t\t\t\t<div class=\"elementor-widget-container\">\n\t\t\t\t\t<div class=\"elementor-button-wrapper\">\n\t\t\t<a href=\"https:\/\/kadan.eu\/de\/sehenswurdigkeiten\/die-kirche-st-laurentius-in-zelina\/\" class=\"elementor-button-link elementor-button elementor-size-sm\" role=\"button\">\n\t\t\t\t\t\t<span class=\"elementor-button-content-wrapper\">\n\t\t\t\t\t\t\t<span class=\"elementor-button-icon elementor-align-icon-left\">\n\t\t\t\t<i aria-hidden=\"true\" class=\"fas fa-angle-left\"><\/i>\t\t\t<\/span>\n\t\t\t\t\t\t<span class=\"elementor-button-text\">Die vorstehende Sehensw\u00fcrdigkeit<\/span>\n\t\t<\/span>\n\t\t\t\t\t<\/a>\n\t\t<\/div>\n\t\t\t\t<\/div>\n\t\t\t\t<\/div>\n\t\t\t\t\t\t<\/div>\n\t\t\t\t\t<\/div>\n\t\t<\/div>\n\t\t\t\t\t\t\t\t<\/div>\n\t\t\t\t\t<\/div>\n\t\t<\/section>\n\t\t\t\t\t\t<\/div>\n\t\t\t\t\t<\/div>\n\t\t<\/div>\n\t\t\t\t\t\t\t\t<\/div>\n\t\t\t\t\t<\/div>\n\t\t<\/section>\n\t\t\t\t<section class=\"elementor-section elementor-top-section elementor-element elementor-element-35992bf4 elementor-section-boxed elementor-section-height-default elementor-section-height-default\" data-id=\"35992bf4\" data-element_type=\"section\">\n\t\t\t\t\t\t<div class=\"elementor-container elementor-column-gap-default\">\n\t\t\t\t\t\t\t<div class=\"elementor-row\">\n\t\t\t\t\t<div class=\"elementor-column elementor-col-100 elementor-top-column elementor-element elementor-element-1e4f17ad\" data-id=\"1e4f17ad\" data-element_type=\"column\">\n\t\t\t<div class=\"elementor-column-wrap elementor-element-populated\">\n\t\t\t\t\t\t\t<div class=\"elementor-widget-wrap\">\n\t\t\t\t\t\t<div class=\"elementor-element elementor-element-6e4005ad elementor-widget elementor-widget-heading\" data-id=\"6e4005ad\" data-element_type=\"widget\" data-widget_type=\"heading.default\">\n\t\t\t\t<div class=\"elementor-widget-container\">\n\t\t\t<h2 class=\"elementor-heading-title elementor-size-default\">Der Kreuzweg<\/h2>\t\t<\/div>\n\t\t\t\t<\/div>\n\t\t\t\t<div class=\"elementor-element elementor-element-3901a12c elementor-widget elementor-widget-text-editor\" data-id=\"3901a12c\" data-element_type=\"widget\" data-widget_type=\"text-editor.default\">\n\t\t\t\t<div class=\"elementor-widget-container\">\n\t\t\t\t\t\t\t\t<div class=\"elementor-text-editor elementor-clearfix\">\n\t\t\t\t<p>Der Kreuzweg in Kada\u0148 ist ein einzigartiges Barockdenkmal, das die Geschichte der Kreuzigung und Himmelfahrt Jesu Christi auf sieben reich verzierten Sandstein-Nischenkapellen darstellt. Als teures und zeitaufw\u00e4ndiges Projekt wurde es im Laufe mehrerer Jahre am Ende des 17. Jahrhunderts schrittweise mit dem gro\u00dfz\u00fcgigen Beitrag reicher Spender aus den Reihen wichtiger aristokratischer und b\u00fcrgerlicher Familien ins Leben gerufen. Die einzelnen Haltestellen befinden sich im Park \u201eSmetanovy sady\u201c, auf dem Weg zum Franziskanerkloster zu den Vierzehn Nothelfern. Nach barocker Tradition entspricht die L\u00e4nge des Kreuzweges, urspr\u00fcnglich die Entfernung vom Kaadener Rathaus-Turm zum Franziskanerkloster, der L\u00e4nge des Jerusalemer Kreuzweges vom Pilatus-Palast auf Golgatha, die Johann von Lobkowitz auf Hassenstein angeblich w\u00e4hrend seiner Pilgerreise ins Heilige Land im Jahr 1493 gemessen hatte. Die Kreuzwegstationen sind nicht nur mit biblischen Szenen ausgestattet, zu finden sind auch Wappen von Spenderfamilien, Chronogrammen von Jahreszahlen, Steinmetzzeichen und eine Reihe anderer Details und Symbole, von denen bisher nicht alle vollst\u00e4ndig entschl\u00fcsselt wurden. Vergessen Sie bei Ihrem Spaziergang entlang der Kreuzwegstationen nicht, um die einzelnen Haltestellen herum zu gehen, da einige Inschriften und Symbole auf den Seiten und auf der R\u00fcckseite der einzelnen Nischenkapellen eingraviert sind.<\/p>\t\t\t\t\t<\/div>\n\t\t\t\t\t\t<\/div>\n\t\t\t\t<\/div>\n\t\t\t\t<div class=\"elementor-element elementor-element-9fb8c49 elementor-skin-carousel elementor-arrows-yes elementor-widget elementor-widget-media-carousel\" data-id=\"9fb8c49\" data-element_type=\"widget\" data-settings=\"{&quot;effect&quot;:&quot;fade&quot;,&quot;space_between&quot;:{&quot;unit&quot;:&quot;px&quot;,&quot;size&quot;:0,&quot;sizes&quot;:[]},&quot;skin&quot;:&quot;carousel&quot;,&quot;show_arrows&quot;:&quot;yes&quot;,&quot;speed&quot;:500,&quot;autoplay&quot;:&quot;yes&quot;,&quot;autoplay_speed&quot;:5000,&quot;loop&quot;:&quot;yes&quot;,&quot;pause_on_hover&quot;:&quot;yes&quot;,&quot;pause_on_interaction&quot;:&quot;yes&quot;,&quot;space_between_tablet&quot;:{&quot;unit&quot;:&quot;px&quot;,&quot;size&quot;:10,&quot;sizes&quot;:[]},&quot;space_between_mobile&quot;:{&quot;unit&quot;:&quot;px&quot;,&quot;size&quot;:10,&quot;sizes&quot;:[]}}\" data-widget_type=\"media-carousel.default\">\n\t\t\t\t<div class=\"elementor-widget-container\">\n\t\t\t\t\t<div class=\"elementor-swiper\">\n\t\t\t<div class=\"elementor-main-swiper swiper-container\">\n\t\t\t\t<div class=\"swiper-wrapper\">\n\t\t\t\t\t\t\t\t\t\t\t<div class=\"swiper-slide\">\n\t\t\t\t\t\t\t\t\t<div class=\"elementor-carousel-image\" style=\"background-image: url(https:\/\/kadan.eu\/de\/wp-content\/uploads\/2019\/07\/DSC_8814.jpg)\">\n\t\t\t\t\t<\/div>\n\t\t\t\t\t\t\t\t<\/div>\n\t\t\t\t\t\t\t\t\t\t\t<div class=\"swiper-slide\">\n\t\t\t\t\t\t\t\t\t<div class=\"elementor-carousel-image\" style=\"background-image: url(https:\/\/kadan.eu\/de\/wp-content\/uploads\/2019\/07\/110512_103.jpg)\">\n\t\t\t\t\t<\/div>\n\t\t\t\t\t\t\t\t<\/div>\n\t\t\t\t\t\t\t\t\t<\/div>\n\t\t\t\t\t\t\t\t\t\t\t\t\t\t\t\t\t\t\t\t<div class=\"elementor-swiper-button elementor-swiper-button-prev\">\n\t\t\t\t\t\t\t<i aria-hidden=\"true\" class=\"eicon-chevron-left\"><\/i>\t\t\t\t\t\t\t<span class=\"elementor-screen-only\">Previous<\/span>\n\t\t\t\t\t\t<\/div>\n\t\t\t\t\t\t<div class=\"elementor-swiper-button elementor-swiper-button-next\">\n\t\t\t\t\t\t\t<i aria-hidden=\"true\" class=\"eicon-chevron-right\"><\/i>\t\t\t\t\t\t\t<span class=\"elementor-screen-only\">Next<\/span>\n\t\t\t\t\t\t<\/div>\n\t\t\t\t\t\t\t\t\t\t\t\t<\/div>\n\t\t<\/div>\n\t\t\t\t<\/div>\n\t\t\t\t<\/div>\n\t\t\t\t<div class=\"elementor-element elementor-element-2be0dbd8 elementor-widget elementor-widget-heading\" data-id=\"2be0dbd8\" data-element_type=\"widget\" data-widget_type=\"heading.default\">\n\t\t\t\t<div class=\"elementor-widget-container\">\n\t\t\t<h2 class=\"elementor-heading-title elementor-size-default\">S\u00fchnekreuze<\/h2>\t\t<\/div>\n\t\t\t\t<\/div>\n\t\t\t\t<div class=\"elementor-element elementor-element-591f8616 elementor-widget elementor-widget-text-editor\" data-id=\"591f8616\" data-element_type=\"widget\" data-widget_type=\"text-editor.default\">\n\t\t\t\t<div class=\"elementor-widget-container\">\n\t\t\t\t\t\t\t\t<div class=\"elementor-text-editor elementor-clearfix\">\n\t\t\t\t<p>Im Park \u201eSmetanovy sady\u201c, in der N\u00e4he einer der Haltestellen des Kreuzweges, gibt es sogenannte S\u00fchnekreuze, die aus den umliegenden nicht mehr existierenden D\u00f6rfern hierhergebracht wurden. S\u00fchnekreuze standen an Orten, an denen ein Mord begangen wurde oder ein Ungl\u00fcck passierte. Im Mittelalter haben einige Str\u00e4flinge die M\u00f6glichkeit bekommen, die verletzte Familie auszuzahlen und am Tatort ein S\u00fchnekreuz anfertigen zu lassen, um so die Todesstrafe zu vermeiden. Wenn Sie die S\u00fchnekreuze aus der N\u00e4he erforschen, k\u00f6nnen Sie auf einigen eingeritzte Waffen finden, m\u00f6glicherweise die Tatwaffen.<\/p>\t\t\t\t\t<\/div>\n\t\t\t\t\t\t<\/div>\n\t\t\t\t<\/div>\n\t\t\t\t<div class=\"elementor-element elementor-element-1815756 elementor-skin-carousel elementor-arrows-yes elementor-widget elementor-widget-media-carousel\" data-id=\"1815756\" data-element_type=\"widget\" data-settings=\"{&quot;effect&quot;:&quot;fade&quot;,&quot;space_between&quot;:{&quot;unit&quot;:&quot;px&quot;,&quot;size&quot;:0,&quot;sizes&quot;:[]},&quot;skin&quot;:&quot;carousel&quot;,&quot;show_arrows&quot;:&quot;yes&quot;,&quot;speed&quot;:500,&quot;autoplay&quot;:&quot;yes&quot;,&quot;autoplay_speed&quot;:5000,&quot;loop&quot;:&quot;yes&quot;,&quot;pause_on_hover&quot;:&quot;yes&quot;,&quot;pause_on_interaction&quot;:&quot;yes&quot;,&quot;space_between_tablet&quot;:{&quot;unit&quot;:&quot;px&quot;,&quot;size&quot;:10,&quot;sizes&quot;:[]},&quot;space_between_mobile&quot;:{&quot;unit&quot;:&quot;px&quot;,&quot;size&quot;:10,&quot;sizes&quot;:[]}}\" data-widget_type=\"media-carousel.default\">\n\t\t\t\t<div class=\"elementor-widget-container\">\n\t\t\t\t\t<div class=\"elementor-swiper\">\n\t\t\t<div class=\"elementor-main-swiper swiper-container\">\n\t\t\t\t<div class=\"swiper-wrapper\">\n\t\t\t\t\t\t\t\t\t\t\t<div class=\"swiper-slide\">\n\t\t\t\t\t\t\t\t\t<div class=\"elementor-carousel-image\" style=\"background-image: url(https:\/\/kadan.eu\/de\/wp-content\/uploads\/2019\/07\/110512_092.jpg)\">\n\t\t\t\t\t<\/div>\n\t\t\t\t\t\t\t\t<\/div>\n\t\t\t\t\t\t\t\t\t<\/div>\n\t\t\t\t\t\t\t<\/div>\n\t\t<\/div>\n\t\t\t\t<\/div>\n\t\t\t\t<\/div>\n\t\t\t\t<div class=\"elementor-element elementor-element-071e056 elementor-widget elementor-widget-heading\" data-id=\"071e056\" data-element_type=\"widget\" data-widget_type=\"heading.default\">\n\t\t\t\t<div class=\"elementor-widget-container\">\n\t\t\t<h2 class=\"elementor-heading-title elementor-size-default\">Vogelh\u00e4uschen <\/h2>\t\t<\/div>\n\t\t\t\t<\/div>\n\t\t\t\t<div class=\"elementor-element elementor-element-a7196de elementor-widget elementor-widget-text-editor\" data-id=\"a7196de\" data-element_type=\"widget\" data-widget_type=\"text-editor.default\">\n\t\t\t\t<div class=\"elementor-widget-container\">\n\t\t\t\t\t\t\t\t<div class=\"elementor-text-editor elementor-clearfix\">\n\t\t\t\t<p>Die atypischen Fachwerkst\u00fcrme, die ein Teil der Stadtbefestigung in Kada\u0148 sind, werden aufgrund ihrer malerischen Winzigkeit seit langem als Vogelh\u00e4uschen bezeichnet. Ab dem 18. Jahrhundert dienten sie zusammen mit der benachbarten gotischen Bastei als Lagerhaus f\u00fcr Schie\u00dfpulver und Kugeln f\u00fcr die Kaadener Scharfsch\u00fctzen. 1788 gr\u00fcndeten sie hier ein eigenes Gasthaus. Bereits 1845 wurde hier das Restaurant Sch\u00fctzenhaus \u201eSt\u0159elnice\u201c gebaut. Derzeit gibt es an dieser Stelle ein gleichnamiges Kulturhaus.<\/p>\t\t\t\t\t<\/div>\n\t\t\t\t\t\t<\/div>\n\t\t\t\t<\/div>\n\t\t\t\t<div class=\"elementor-element elementor-element-295d845 elementor-skin-carousel elementor-arrows-yes elementor-widget elementor-widget-media-carousel\" data-id=\"295d845\" data-element_type=\"widget\" data-settings=\"{&quot;effect&quot;:&quot;fade&quot;,&quot;space_between&quot;:{&quot;unit&quot;:&quot;px&quot;,&quot;size&quot;:0,&quot;sizes&quot;:[]},&quot;skin&quot;:&quot;carousel&quot;,&quot;show_arrows&quot;:&quot;yes&quot;,&quot;speed&quot;:500,&quot;autoplay&quot;:&quot;yes&quot;,&quot;autoplay_speed&quot;:5000,&quot;loop&quot;:&quot;yes&quot;,&quot;pause_on_hover&quot;:&quot;yes&quot;,&quot;pause_on_interaction&quot;:&quot;yes&quot;,&quot;space_between_tablet&quot;:{&quot;unit&quot;:&quot;px&quot;,&quot;size&quot;:10,&quot;sizes&quot;:[]},&quot;space_between_mobile&quot;:{&quot;unit&quot;:&quot;px&quot;,&quot;size&quot;:10,&quot;sizes&quot;:[]}}\" data-widget_type=\"media-carousel.default\">\n\t\t\t\t<div class=\"elementor-widget-container\">\n\t\t\t\t\t<div class=\"elementor-swiper\">\n\t\t\t<div class=\"elementor-main-swiper swiper-container\">\n\t\t\t\t<div class=\"swiper-wrapper\">\n\t\t\t\t\t\t\t\t\t\t\t<div class=\"swiper-slide\">\n\t\t\t\t\t\t\t\t\t<div class=\"elementor-carousel-image\" style=\"background-image: url(https:\/\/kadan.eu\/de\/wp-content\/uploads\/2019\/07\/IMG_9398.jpg)\">\n\t\t\t\t\t<\/div>\n\t\t\t\t\t\t\t\t<\/div>\n\t\t\t\t\t\t\t\t\t\t\t<div class=\"swiper-slide\">\n\t\t\t\t\t\t\t\t\t<div class=\"elementor-carousel-image\" style=\"background-image: url(https:\/\/kadan.eu\/de\/wp-content\/uploads\/2019\/07\/Pta\u010d\u00ed_domky_v_Kadani.tif.png)\">\n\t\t\t\t\t<\/div>\n\t\t\t\t\t\t\t\t<\/div>\n\t\t\t\t\t\t\t\t\t<\/div>\n\t\t\t\t\t\t\t\t\t\t\t\t\t\t\t\t\t\t\t\t<div class=\"elementor-swiper-button elementor-swiper-button-prev\">\n\t\t\t\t\t\t\t<i aria-hidden=\"true\" class=\"eicon-chevron-left\"><\/i>\t\t\t\t\t\t\t<span class=\"elementor-screen-only\">Previous<\/span>\n\t\t\t\t\t\t<\/div>\n\t\t\t\t\t\t<div class=\"elementor-swiper-button elementor-swiper-button-next\">\n\t\t\t\t\t\t\t<i aria-hidden=\"true\" class=\"eicon-chevron-right\"><\/i>\t\t\t\t\t\t\t<span class=\"elementor-screen-only\">Next<\/span>\n\t\t\t\t\t\t<\/div>\n\t\t\t\t\t\t\t\t\t\t\t\t<\/div>\n\t\t<\/div>\n\t\t\t\t<\/div>\n\t\t\t\t<\/div>\n\t\t\t\t\t\t<\/div>\n\t\t\t\t\t<\/div>\n\t\t<\/div>\n\t\t\t\t\t\t\t\t<\/div>\n\t\t\t\t\t<\/div>\n\t\t<\/section>\n\t\t\t\t\t\t\t\t\t<\/div>\n\t\t\t<\/div>\n\t\t\t\t\t<\/div>\n\t\t","protected":false},"excerpt":{"rendered":"<p>Weitere Sehensw\u00fcrdigkeiten Obwohl Kada\u0148 keine besonders gro\u00dfe Stadt ist, gibt es unz\u00e4hlige interessante Orte und Denkm\u00e4ler hier. Wenn Ihnen die in den anderen Artikeln beschriebenen Sehensw\u00fcrdigkeiten nicht ausreichen und Sie noch andere Orte in Kada\u0148 entdecken m\u00f6chten, finden Sie hier eine Liste der Orte, die Sie bei dem Besuch unserer Stadt nicht vergessen sollten. Die &hellip; <\/p>\n<p class=\"link-more\"><a href=\"https:\/\/kadan.eu\/de\/sehenswurdigkeiten\/weitere-sehenswurdigkeiten\/\" class=\"more-link\">Pokra\u010dovat ve \u010dten\u00ed<span class=\"screen-reader-text\"> &#8222;Weitere Sehensw\u00fcrdigkeiten&#8220;<\/span><\/a><\/p>\n","protected":false},"author":3,"featured_media":1263,"parent":24,"menu_order":0,"comment_status":"closed","ping_status":"closed","template":"elementor_header_footer","meta":{"_mi_skip_tracking":false},"yoast_head":"<!-- This site is optimized with the Yoast SEO plugin v18.4.1 - https:\/\/yoast.com\/wordpress\/plugins\/seo\/ -->\n<title>Turistick\u00e9 str\u00e1nky m\u011bsta Kada\u0148 | Weitere Sehensw\u00fcrdigkeiten<\/title>\n<meta name=\"description\" content=\"Kada\u0148 je mo\u017en\u00e1 mal\u00e1, ale zaj\u00edmav\u00fdch m\u00edst a pam\u00e1tek je tu nespo\u010det! V\u00fd\u010det dal\u0161\u00edch v\u011bc\u00ed, kter\u00e1 stoj\u00ed za vid\u011bn\u00ed, naleznete zde.\" \/>\n<meta name=\"robots\" content=\"index, follow, max-snippet:-1, max-image-preview:large, max-video-preview:-1\" \/>\n<link rel=\"canonical\" href=\"https:\/\/kadan.eu\/de\/sehenswurdigkeiten\/weitere-sehenswurdigkeiten\/\" \/>\n<meta property=\"og:locale\" content=\"cs_CZ\" \/>\n<meta property=\"og:type\" content=\"article\" \/>\n<meta property=\"og:title\" content=\"Turistick\u00e9 str\u00e1nky m\u011bsta Kada\u0148 | Weitere Sehensw\u00fcrdigkeiten\" \/>\n<meta property=\"og:description\" content=\"Kada\u0148 je mo\u017en\u00e1 mal\u00e1, ale zaj\u00edmav\u00fdch m\u00edst a pam\u00e1tek je tu nespo\u010det! V\u00fd\u010det dal\u0161\u00edch v\u011bc\u00ed, kter\u00e1 stoj\u00ed za vid\u011bn\u00ed, naleznete zde.\" \/>\n<meta property=\"og:url\" content=\"https:\/\/kadan.eu\/de\/sehenswurdigkeiten\/weitere-sehenswurdigkeiten\/\" \/>\n<meta property=\"og:site_name\" content=\"Turistick\u00e9 str\u00e1nky m\u011bsta Kada\u0148\" \/>\n<meta property=\"article:modified_time\" content=\"2021-11-22T12:24:29+00:00\" \/>\n<meta property=\"og:image\" content=\"https:\/\/kadan.eu\/de\/wp-content\/uploads\/2019\/06\/ptaci_domky.jpg\" \/>\n\t<meta property=\"og:image:width\" content=\"985\" \/>\n\t<meta property=\"og:image:height\" content=\"630\" \/>\n\t<meta property=\"og:image:type\" content=\"image\/jpeg\" \/>\n<meta name=\"twitter:card\" content=\"summary_large_image\" \/>\n<meta name=\"twitter:label1\" content=\"Odhadovan\u00e1 doba \u010dten\u00ed\" \/>\n\t<meta name=\"twitter:data1\" content=\"2 minuty\" \/>\n<script type=\"application\/ld+json\" class=\"yoast-schema-graph\">{\"@context\":\"https:\/\/schema.org\",\"@graph\":[{\"@type\":\"Organization\",\"@id\":\"https:\/\/kadan.eu\/de\/#organization\",\"name\":\"Turistick\u00e9 str\u00e1nky m\u011bsta Kada\u0148\",\"url\":\"https:\/\/kadan.eu\/de\/\",\"sameAs\":[],\"logo\":{\"@type\":\"ImageObject\",\"@id\":\"https:\/\/kadan.eu\/de\/#logo\",\"inLanguage\":\"cs\",\"url\":\"https:\/\/kadan.eu\/de\/wp-content\/uploads\/2019\/06\/logo.jpg\",\"contentUrl\":\"https:\/\/kadan.eu\/de\/wp-content\/uploads\/2019\/06\/logo.jpg\",\"width\":669,\"height\":669,\"caption\":\"Turistick\u00e9 str\u00e1nky m\u011bsta Kada\u0148\"},\"image\":{\"@id\":\"https:\/\/kadan.eu\/de\/#logo\"}},{\"@type\":\"WebSite\",\"@id\":\"https:\/\/kadan.eu\/de\/#website\",\"url\":\"https:\/\/kadan.eu\/de\/\",\"name\":\"Turistick\u00e9 str\u00e1nky m\u011bsta Kada\u0148\",\"description\":\"\",\"publisher\":{\"@id\":\"https:\/\/kadan.eu\/de\/#organization\"},\"potentialAction\":[{\"@type\":\"SearchAction\",\"target\":{\"@type\":\"EntryPoint\",\"urlTemplate\":\"https:\/\/kadan.eu\/de\/?s={search_term_string}\"},\"query-input\":\"required name=search_term_string\"}],\"inLanguage\":\"cs\"},{\"@type\":\"ImageObject\",\"@id\":\"https:\/\/kadan.eu\/de\/sehenswurdigkeiten\/weitere-sehenswurdigkeiten\/#primaryimage\",\"inLanguage\":\"cs\",\"url\":\"https:\/\/kadan.eu\/de\/wp-content\/uploads\/2019\/06\/ptaci_domky.jpg\",\"contentUrl\":\"https:\/\/kadan.eu\/de\/wp-content\/uploads\/2019\/06\/ptaci_domky.jpg\",\"width\":985,\"height\":630,\"caption\":\"Pta\u010d\u00ed domky Kada\u0148\"},{\"@type\":\"WebPage\",\"@id\":\"https:\/\/kadan.eu\/de\/sehenswurdigkeiten\/weitere-sehenswurdigkeiten\/#webpage\",\"url\":\"https:\/\/kadan.eu\/de\/sehenswurdigkeiten\/weitere-sehenswurdigkeiten\/\",\"name\":\"Turistick\u00e9 str\u00e1nky m\u011bsta Kada\u0148 | Weitere Sehensw\u00fcrdigkeiten\",\"isPartOf\":{\"@id\":\"https:\/\/kadan.eu\/de\/#website\"},\"primaryImageOfPage\":{\"@id\":\"https:\/\/kadan.eu\/de\/sehenswurdigkeiten\/weitere-sehenswurdigkeiten\/#primaryimage\"},\"datePublished\":\"2019-07-02T07:47:01+00:00\",\"dateModified\":\"2021-11-22T12:24:29+00:00\",\"description\":\"Kada\u0148 je mo\u017en\u00e1 mal\u00e1, ale zaj\u00edmav\u00fdch m\u00edst a pam\u00e1tek je tu nespo\u010det! V\u00fd\u010det dal\u0161\u00edch v\u011bc\u00ed, kter\u00e1 stoj\u00ed za vid\u011bn\u00ed, naleznete zde.\",\"breadcrumb\":{\"@id\":\"https:\/\/kadan.eu\/de\/sehenswurdigkeiten\/weitere-sehenswurdigkeiten\/#breadcrumb\"},\"inLanguage\":\"cs\",\"potentialAction\":[{\"@type\":\"ReadAction\",\"target\":[\"https:\/\/kadan.eu\/de\/sehenswurdigkeiten\/weitere-sehenswurdigkeiten\/\"]}]},{\"@type\":\"BreadcrumbList\",\"@id\":\"https:\/\/kadan.eu\/de\/sehenswurdigkeiten\/weitere-sehenswurdigkeiten\/#breadcrumb\",\"itemListElement\":[{\"@type\":\"ListItem\",\"position\":1,\"name\":\"Dom\u016f\",\"item\":\"https:\/\/kadan.eu\/de\/\"},{\"@type\":\"ListItem\",\"position\":2,\"name\":\"Sehensw\u00fcrdigkeiten\",\"item\":\"https:\/\/kadan.eu\/de\/sehenswurdigkeiten\/\"},{\"@type\":\"ListItem\",\"position\":3,\"name\":\"Weitere Sehensw\u00fcrdigkeiten\"}]}]}<\/script>\n<!-- \/ Yoast SEO plugin. -->","yoast_head_json":{"title":"Turistick\u00e9 str\u00e1nky m\u011bsta Kada\u0148 | Weitere Sehensw\u00fcrdigkeiten","description":"Kada\u0148 je mo\u017en\u00e1 mal\u00e1, ale zaj\u00edmav\u00fdch m\u00edst a pam\u00e1tek je tu nespo\u010det! V\u00fd\u010det dal\u0161\u00edch v\u011bc\u00ed, kter\u00e1 stoj\u00ed za vid\u011bn\u00ed, naleznete zde.","robots":{"index":"index","follow":"follow","max-snippet":"max-snippet:-1","max-image-preview":"max-image-preview:large","max-video-preview":"max-video-preview:-1"},"canonical":"https:\/\/kadan.eu\/de\/sehenswurdigkeiten\/weitere-sehenswurdigkeiten\/","og_locale":"cs_CZ","og_type":"article","og_title":"Turistick\u00e9 str\u00e1nky m\u011bsta Kada\u0148 | Weitere Sehensw\u00fcrdigkeiten","og_description":"Kada\u0148 je mo\u017en\u00e1 mal\u00e1, ale zaj\u00edmav\u00fdch m\u00edst a pam\u00e1tek je tu nespo\u010det! V\u00fd\u010det dal\u0161\u00edch v\u011bc\u00ed, kter\u00e1 stoj\u00ed za vid\u011bn\u00ed, naleznete zde.","og_url":"https:\/\/kadan.eu\/de\/sehenswurdigkeiten\/weitere-sehenswurdigkeiten\/","og_site_name":"Turistick\u00e9 str\u00e1nky m\u011bsta Kada\u0148","article_modified_time":"2021-11-22T12:24:29+00:00","og_image":[{"width":985,"height":630,"url":"https:\/\/kadan.eu\/de\/wp-content\/uploads\/2019\/06\/ptaci_domky.jpg","type":"image\/jpeg"}],"twitter_card":"summary_large_image","twitter_misc":{"Odhadovan\u00e1 doba \u010dten\u00ed":"2 minuty"},"schema":{"@context":"https:\/\/schema.org","@graph":[{"@type":"Organization","@id":"https:\/\/kadan.eu\/de\/#organization","name":"Turistick\u00e9 str\u00e1nky m\u011bsta Kada\u0148","url":"https:\/\/kadan.eu\/de\/","sameAs":[],"logo":{"@type":"ImageObject","@id":"https:\/\/kadan.eu\/de\/#logo","inLanguage":"cs","url":"https:\/\/kadan.eu\/de\/wp-content\/uploads\/2019\/06\/logo.jpg","contentUrl":"https:\/\/kadan.eu\/de\/wp-content\/uploads\/2019\/06\/logo.jpg","width":669,"height":669,"caption":"Turistick\u00e9 str\u00e1nky m\u011bsta Kada\u0148"},"image":{"@id":"https:\/\/kadan.eu\/de\/#logo"}},{"@type":"WebSite","@id":"https:\/\/kadan.eu\/de\/#website","url":"https:\/\/kadan.eu\/de\/","name":"Turistick\u00e9 str\u00e1nky m\u011bsta Kada\u0148","description":"","publisher":{"@id":"https:\/\/kadan.eu\/de\/#organization"},"potentialAction":[{"@type":"SearchAction","target":{"@type":"EntryPoint","urlTemplate":"https:\/\/kadan.eu\/de\/?s={search_term_string}"},"query-input":"required name=search_term_string"}],"inLanguage":"cs"},{"@type":"ImageObject","@id":"https:\/\/kadan.eu\/de\/sehenswurdigkeiten\/weitere-sehenswurdigkeiten\/#primaryimage","inLanguage":"cs","url":"https:\/\/kadan.eu\/de\/wp-content\/uploads\/2019\/06\/ptaci_domky.jpg","contentUrl":"https:\/\/kadan.eu\/de\/wp-content\/uploads\/2019\/06\/ptaci_domky.jpg","width":985,"height":630,"caption":"Pta\u010d\u00ed domky Kada\u0148"},{"@type":"WebPage","@id":"https:\/\/kadan.eu\/de\/sehenswurdigkeiten\/weitere-sehenswurdigkeiten\/#webpage","url":"https:\/\/kadan.eu\/de\/sehenswurdigkeiten\/weitere-sehenswurdigkeiten\/","name":"Turistick\u00e9 str\u00e1nky m\u011bsta Kada\u0148 | Weitere Sehensw\u00fcrdigkeiten","isPartOf":{"@id":"https:\/\/kadan.eu\/de\/#website"},"primaryImageOfPage":{"@id":"https:\/\/kadan.eu\/de\/sehenswurdigkeiten\/weitere-sehenswurdigkeiten\/#primaryimage"},"datePublished":"2019-07-02T07:47:01+00:00","dateModified":"2021-11-22T12:24:29+00:00","description":"Kada\u0148 je mo\u017en\u00e1 mal\u00e1, ale zaj\u00edmav\u00fdch m\u00edst a pam\u00e1tek je tu nespo\u010det! V\u00fd\u010det dal\u0161\u00edch v\u011bc\u00ed, kter\u00e1 stoj\u00ed za vid\u011bn\u00ed, naleznete zde.","breadcrumb":{"@id":"https:\/\/kadan.eu\/de\/sehenswurdigkeiten\/weitere-sehenswurdigkeiten\/#breadcrumb"},"inLanguage":"cs","potentialAction":[{"@type":"ReadAction","target":["https:\/\/kadan.eu\/de\/sehenswurdigkeiten\/weitere-sehenswurdigkeiten\/"]}]},{"@type":"BreadcrumbList","@id":"https:\/\/kadan.eu\/de\/sehenswurdigkeiten\/weitere-sehenswurdigkeiten\/#breadcrumb","itemListElement":[{"@type":"ListItem","position":1,"name":"Dom\u016f","item":"https:\/\/kadan.eu\/de\/"},{"@type":"ListItem","position":2,"name":"Sehensw\u00fcrdigkeiten","item":"https:\/\/kadan.eu\/de\/sehenswurdigkeiten\/"},{"@type":"ListItem","position":3,"name":"Weitere Sehensw\u00fcrdigkeiten"}]}]}},"_links":{"self":[{"href":"https:\/\/kadan.eu\/de\/wp-json\/wp\/v2\/pages\/1283"}],"collection":[{"href":"https:\/\/kadan.eu\/de\/wp-json\/wp\/v2\/pages"}],"about":[{"href":"https:\/\/kadan.eu\/de\/wp-json\/wp\/v2\/types\/page"}],"author":[{"embeddable":true,"href":"https:\/\/kadan.eu\/de\/wp-json\/wp\/v2\/users\/3"}],"replies":[{"embeddable":true,"href":"https:\/\/kadan.eu\/de\/wp-json\/wp\/v2\/comments?post=1283"}],"version-history":[{"count":27,"href":"https:\/\/kadan.eu\/de\/wp-json\/wp\/v2\/pages\/1283\/revisions"}],"predecessor-version":[{"id":7503,"href":"https:\/\/kadan.eu\/de\/wp-json\/wp\/v2\/pages\/1283\/revisions\/7503"}],"up":[{"embeddable":true,"href":"https:\/\/kadan.eu\/de\/wp-json\/wp\/v2\/pages\/24"}],"wp:featuredmedia":[{"embeddable":true,"href":"https:\/\/kadan.eu\/de\/wp-json\/wp\/v2\/media\/1263"}],"wp:attachment":[{"href":"https:\/\/kadan.eu\/de\/wp-json\/wp\/v2\/media?parent=1283"}],"curies":[{"name":"wp","href":"https:\/\/api.w.org\/{rel}","templated":true}]}}